{"id":19297,"date":"2022-02-17T14:02:36","date_gmt":"2022-02-17T13:02:36","guid":{"rendered":"https:\/\/pessario.it\/shop\/uncategorized\/silicone-dish-pessary-with-and-without-supporting-membrane\/"},"modified":"2024-02-23T15:19:21","modified_gmt":"2024-02-23T13:19:21","slug":"silicone-dish-pessary-with-and-without-supporting-membrane","status":"publish","type":"product","link":"https:\/\/pessario.it\/en\/shop\/pessaries\/special-pessaries\/silicone-dish-pessary-with-and-without-supporting-membrane\/","title":{"rendered":"Silicone dish pessary with and without supporting membrane"},"content":{"rendered":"<h2>Silicone dish pessary with and without supporting membrane<\/h2>\n<p>The silicone <strong>Dish<\/strong> <a href=\"https:\/\/pessario.it\/shop\/\" target=\"_blank\" rel=\"noopener\">pessary<\/a> appears as a bowl with drainage holes and an external protrusion, with or without an internal membrane. Use of this device is possible when other types of pessary prove ineffective. The pessary is inserted into the vagina to provide the pelvic organs with additional support. This restores the anatomical relationship between the pelvic organs and prevents\/reduces the possibility of a prolapse. The size is stated on the product and on the label.<br \/>\nIt is used for <strong>1st, 2nd and 3rd degree prolapse<\/strong> and <strong>cystocele<\/strong>.<\/p>\n<p>DEVICE CLASS: IIa<\/p>\n<p>SAFE LATEX<\/p>\n<p><span class=\"jkmDtd\" style=\"color: #ab3460;\"><i>Only gynaecologists\/general practitioners are qualified to give advice and information on the choice and <a href=\"https:\/\/formesa.it\/wp-content\/uploads\/2020\/06\/Condizioni-Generali-di-Vendita-e-Garanzia.pdf\" target=\"_blank\" rel=\"noopener\">use<\/a> of the device.<\/i><\/span><\/p>\n<table>\n<tbody>\n<tr>\n<th>Materials<\/th>\n<td>Medical silicone<\/td>\n<\/tr>\n<tr>\n<th>Dish pessary with support diameter<\/th>\n<td>\u00d8 60 &#8211; \u00d8 75 &#8211; \u00d8 80 mm<\/td>\n<\/tr>\n<tr>\n<th>Dish pessary without support diameter<\/th>\n<td>\u00d8 60 &#8211; \u00d8 65 &#8211; \u00d8 70 &#8211; \u00d8 75 &#8211; \u00d8 80 mm<\/td>\n<\/tr>\n<\/tbody>\n<\/table>\n<p>&nbsp;<\/p>\n<h3>The Company<\/h3>\n<p>For.me.sa. It is an <strong>ISO 13485:2016<\/strong> certified company, manufacturing and distributing <strong>medical<\/strong> <strong>devices<\/strong> nationally and internationally.<\/p>\n<p>The company&#8217;s core business and R&amp;D engine focus on the field of <strong>gynecology<\/strong>, including among its main products <strong>pessaries<\/strong>: Class IIa and IIb medical devices designed for the containment of <strong>pelvic organ prolapse<\/strong>, <strong>urinary incontinence<\/strong>, and the risk of <strong>preterm birth<\/strong>.<\/p>\n<p>The pessary, available in various shapes, sizes, and materials, falls within the category of medical devices used as <strong>conservative therapies<\/strong>, serving as an alternative to s<strong>urgical intervention<\/strong>.<\/p>\n<p><strong>Uro-gynecological<\/strong> screening, targeted <strong>physiotherapy<\/strong> and <strong>non-invasive treatments<\/strong>, such as pessaries, are ways to prevent <strong>POP problems<\/strong> and urinary incontinence.<\/p>\n<p>For.me.sa. Caring deeply about <strong>women&#8217;s health<\/strong>, and for this very reason, thanks to its predominantly female <strong>team<\/strong>, the company works every day to research innovative and competitive solutions aimed at improving the quality of life.<\/p>\n","protected":false},"excerpt":{"rendered":"<ul class=\"ul-style check\">\n<li>1st, 2nd and 3rd degree prolapse<\/li>\n<li>Cystocele<\/li>\n<\/ul>\n","protected":false},"featured_media":19035,"comment_status":"open","ping_status":"closed","template":"","meta":[],"product_cat":[281,283],"product_tag":[],"yoast_head":"<!-- This site is optimized with the Yoast SEO plugin v21.6 - https:\/\/yoast.com\/wordpress\/plugins\/seo\/ -->\n<title>Silicone dish pessary with and without supporting membrane | Pessario<\/title>\n<meta name=\"description\" content=\"The silicone Dish pessary is used for 1st, 2nd and 3rd degree prolapse and cystocele.\" \/>\n<meta name=\"robots\" content=\"index, follow, max-snippet:-1, max-image-preview:large, max-video-preview:-1\" \/>\n<link rel=\"canonical\" href=\"https:\/\/pessario.it\/en\/shop\/pessaries\/special-pessaries\/silicone-dish-pessary-with-and-without-supporting-membrane\/\" \/>\n<meta property=\"og:locale\" content=\"en_US\" \/>\n<meta property=\"og:type\" content=\"article\" \/>\n<meta property=\"og:title\" content=\"Silicone dish pessary with and without supporting membrane | Pessario\" \/>\n<meta property=\"og:description\" content=\"The silicone Dish pessary is used for 1st, 2nd and 3rd degree prolapse and cystocele.\" \/>\n<meta property=\"og:url\" content=\"https:\/\/pessario.it\/en\/shop\/pessaries\/special-pessaries\/silicone-dish-pessary-with-and-without-supporting-membrane\/\" \/>\n<meta property=\"og:site_name\" content=\"Pessario\" \/>\n<meta property=\"article:publisher\" content=\"https:\/\/www.facebook.com\/pessario.formesasrl\/\" \/>\n<meta property=\"article:modified_time\" content=\"2024-02-23T13:19:21+00:00\" \/>\n<meta property=\"og:image\" content=\"https:\/\/pessario.it\/wp-content\/uploads\/2022\/06\/Pessario-dish.jpg\" \/>\n\t<meta property=\"og:image:width\" content=\"1200\" \/>\n\t<meta property=\"og:image:height\" content=\"1200\" \/>\n\t<meta property=\"og:image:type\" content=\"image\/jpeg\" \/>\n<meta name=\"twitter:card\" content=\"summary_large_image\" \/>\n<meta name=\"twitter:label1\" content=\"Est. reading time\" \/>\n\t<meta name=\"twitter:data1\" content=\"1 minute\" \/>\n<script type=\"application\/ld+json\" class=\"yoast-schema-graph\">{\"@context\":\"https:\/\/schema.org\",\"@graph\":[{\"@type\":\"WebPage\",\"@id\":\"https:\/\/pessario.it\/en\/shop\/pessaries\/special-pessaries\/silicone-dish-pessary-with-and-without-supporting-membrane\/\",\"url\":\"https:\/\/pessario.it\/en\/shop\/pessaries\/special-pessaries\/silicone-dish-pessary-with-and-without-supporting-membrane\/\",\"name\":\"Silicone dish pessary with and without supporting membrane | Pessario\",\"isPartOf\":{\"@id\":\"https:\/\/pessario.it\/en\/#website\"},\"datePublished\":\"2022-02-17T13:02:36+00:00\",\"dateModified\":\"2024-02-23T13:19:21+00:00\",\"description\":\"The silicone Dish pessary is used for 1st, 2nd and 3rd degree prolapse and cystocele.\",\"breadcrumb\":{\"@id\":\"https:\/\/pessario.it\/en\/shop\/pessaries\/special-pessaries\/silicone-dish-pessary-with-and-without-supporting-membrane\/#breadcrumb\"},\"inLanguage\":\"en-US\",\"potentialAction\":[{\"@type\":\"ReadAction\",\"target\":[\"https:\/\/pessario.it\/en\/shop\/pessaries\/special-pessaries\/silicone-dish-pessary-with-and-without-supporting-membrane\/\"]}]},{\"@type\":\"BreadcrumbList\",\"@id\":\"https:\/\/pessario.it\/en\/shop\/pessaries\/special-pessaries\/silicone-dish-pessary-with-and-without-supporting-membrane\/#breadcrumb\",\"itemListElement\":[{\"@type\":\"ListItem\",\"position\":1,\"name\":\"Home\",\"item\":\"https:\/\/pessario.it\/en\/\"},{\"@type\":\"ListItem\",\"position\":2,\"name\":\"Shop\",\"item\":\"https:\/\/pessario.it\/en\/shop\/\"},{\"@type\":\"ListItem\",\"position\":3,\"name\":\"Silicone dish pessary with and without supporting membrane\"}]},{\"@type\":\"WebSite\",\"@id\":\"https:\/\/pessario.it\/en\/#website\",\"url\":\"https:\/\/pessario.it\/en\/\",\"name\":\"Pessario\",\"description\":\"Shop Online\",\"publisher\":{\"@id\":\"https:\/\/pessario.it\/en\/#organization\"},\"potentialAction\":[{\"@type\":\"SearchAction\",\"target\":{\"@type\":\"EntryPoint\",\"urlTemplate\":\"https:\/\/pessario.it\/en\/?s={search_term_string}\"},\"query-input\":\"required name=search_term_string\"}],\"inLanguage\":\"en-US\"},{\"@type\":\"Organization\",\"@id\":\"https:\/\/pessario.it\/en\/#organization\",\"name\":\"for.me.sa.\",\"url\":\"https:\/\/pessario.it\/en\/\",\"logo\":{\"@type\":\"ImageObject\",\"inLanguage\":\"en-US\",\"@id\":\"https:\/\/pessario.it\/en\/#\/schema\/logo\/image\/\",\"url\":\"https:\/\/pessario.it\/wp-content\/uploads\/2022\/05\/logo-formesa4.png\",\"contentUrl\":\"https:\/\/pessario.it\/wp-content\/uploads\/2022\/05\/logo-formesa4.png\",\"width\":367,\"height\":96,\"caption\":\"for.me.sa.\"},\"image\":{\"@id\":\"https:\/\/pessario.it\/en\/#\/schema\/logo\/image\/\"},\"sameAs\":[\"https:\/\/www.facebook.com\/pessario.formesasrl\/\",\"https:\/\/it.linkedin.com\/company\/formesa-srl\"]}]}<\/script>\n<!-- \/ Yoast SEO plugin. -->","yoast_head_json":{"title":"Silicone dish pessary with and without supporting membrane | Pessario","description":"The silicone Dish pessary is used for 1st, 2nd and 3rd degree prolapse and cystocele.","robots":{"index":"index","follow":"follow","max-snippet":"max-snippet:-1","max-image-preview":"max-image-preview:large","max-video-preview":"max-video-preview:-1"},"canonical":"https:\/\/pessario.it\/en\/shop\/pessaries\/special-pessaries\/silicone-dish-pessary-with-and-without-supporting-membrane\/","og_locale":"en_US","og_type":"article","og_title":"Silicone dish pessary with and without supporting membrane | Pessario","og_description":"The silicone Dish pessary is used for 1st, 2nd and 3rd degree prolapse and cystocele.","og_url":"https:\/\/pessario.it\/en\/shop\/pessaries\/special-pessaries\/silicone-dish-pessary-with-and-without-supporting-membrane\/","og_site_name":"Pessario","article_publisher":"https:\/\/www.facebook.com\/pessario.formesasrl\/","article_modified_time":"2024-02-23T13:19:21+00:00","og_image":[{"width":1200,"height":1200,"url":"https:\/\/pessario.it\/wp-content\/uploads\/2022\/06\/Pessario-dish.jpg","type":"image\/jpeg"}],"twitter_card":"summary_large_image","twitter_misc":{"Est. reading time":"1 minute"},"schema":{"@context":"https:\/\/schema.org","@graph":[{"@type":"WebPage","@id":"https:\/\/pessario.it\/en\/shop\/pessaries\/special-pessaries\/silicone-dish-pessary-with-and-without-supporting-membrane\/","url":"https:\/\/pessario.it\/en\/shop\/pessaries\/special-pessaries\/silicone-dish-pessary-with-and-without-supporting-membrane\/","name":"Silicone dish pessary with and without supporting membrane | Pessario","isPartOf":{"@id":"https:\/\/pessario.it\/en\/#website"},"datePublished":"2022-02-17T13:02:36+00:00","dateModified":"2024-02-23T13:19:21+00:00","description":"The silicone Dish pessary is used for 1st, 2nd and 3rd degree prolapse and cystocele.","breadcrumb":{"@id":"https:\/\/pessario.it\/en\/shop\/pessaries\/special-pessaries\/silicone-dish-pessary-with-and-without-supporting-membrane\/#breadcrumb"},"inLanguage":"en-US","potentialAction":[{"@type":"ReadAction","target":["https:\/\/pessario.it\/en\/shop\/pessaries\/special-pessaries\/silicone-dish-pessary-with-and-without-supporting-membrane\/"]}]},{"@type":"BreadcrumbList","@id":"https:\/\/pessario.it\/en\/shop\/pessaries\/special-pessaries\/silicone-dish-pessary-with-and-without-supporting-membrane\/#breadcrumb","itemListElement":[{"@type":"ListItem","position":1,"name":"Home","item":"https:\/\/pessario.it\/en\/"},{"@type":"ListItem","position":2,"name":"Shop","item":"https:\/\/pessario.it\/en\/shop\/"},{"@type":"ListItem","position":3,"name":"Silicone dish pessary with and without supporting membrane"}]},{"@type":"WebSite","@id":"https:\/\/pessario.it\/en\/#website","url":"https:\/\/pessario.it\/en\/","name":"Pessario","description":"Shop Online","publisher":{"@id":"https:\/\/pessario.it\/en\/#organization"},"potentialAction":[{"@type":"SearchAction","target":{"@type":"EntryPoint","urlTemplate":"https:\/\/pessario.it\/en\/?s={search_term_string}"},"query-input":"required name=search_term_string"}],"inLanguage":"en-US"},{"@type":"Organization","@id":"https:\/\/pessario.it\/en\/#organization","name":"for.me.sa.","url":"https:\/\/pessario.it\/en\/","logo":{"@type":"ImageObject","inLanguage":"en-US","@id":"https:\/\/pessario.it\/en\/#\/schema\/logo\/image\/","url":"https:\/\/pessario.it\/wp-content\/uploads\/2022\/05\/logo-formesa4.png","contentUrl":"https:\/\/pessario.it\/wp-content\/uploads\/2022\/05\/logo-formesa4.png","width":367,"height":96,"caption":"for.me.sa."},"image":{"@id":"https:\/\/pessario.it\/en\/#\/schema\/logo\/image\/"},"sameAs":["https:\/\/www.facebook.com\/pessario.formesasrl\/","https:\/\/it.linkedin.com\/company\/formesa-srl"]}]}},"_links":{"self":[{"href":"https:\/\/pessario.it\/en\/wp-json\/wp\/v2\/product\/19297"}],"collection":[{"href":"https:\/\/pessario.it\/en\/wp-json\/wp\/v2\/product"}],"about":[{"href":"https:\/\/pessario.it\/en\/wp-json\/wp\/v2\/types\/product"}],"replies":[{"embeddable":true,"href":"https:\/\/pessario.it\/en\/wp-json\/wp\/v2\/comments?post=19297"}],"wp:featuredmedia":[{"embeddable":true,"href":"https:\/\/pessario.it\/en\/wp-json\/wp\/v2\/media\/19035"}],"wp:attachment":[{"href":"https:\/\/pessario.it\/en\/wp-json\/wp\/v2\/media?parent=19297"}],"wp:term":[{"taxonomy":"product_cat","embeddable":true,"href":"https:\/\/pessario.it\/en\/wp-json\/wp\/v2\/product_cat?post=19297"},{"taxonomy":"product_tag","embeddable":true,"href":"https:\/\/pessario.it\/en\/wp-json\/wp\/v2\/product_tag?post=19297"}],"curies":[{"name":"wp","href":"https:\/\/api.w.org\/{rel}","templated":true}]}}